{"id":997,"date":"2014-11-11T11:09:47","date_gmt":"2014-11-11T11:09:47","guid":{"rendered":"http:\/\/www.excavasec.ca\/accueil\/"},"modified":"2020-04-14T11:46:28","modified_gmt":"2020-04-14T11:46:28","slug":"home","status":"publish","type":"page","link":"https:\/\/www.excavasec.ca\/en\/","title":{"rendered":"Home"},"content":{"rendered":"<p>[vc_row has_content=&#8221;true&#8221;][vc_column][rev_slider_vc alias=&#8221;slider-ang&#8221;][\/vc_column][\/vc_row][vc_row full_width=&#8221;stretch_row&#8221; css=&#8221;.vc_custom_1497542937173{margin-top: -35px !important;margin-bottom: 50px !important;padding-top: 35px !important;padding-bottom: 35px !important;background-image: url(http:\/\/www.excavasec.ca\/wp-content\/uploads\/2014\/11\/background-CTA-3.jpg?id=919) !important;background-position: center !important;background-repeat: no-repeat !important;background-size: cover !important;}&#8221; has_content=&#8221;inside&#8221;][vc_column width=&#8221;2\/3&#8243;][vc_column_text css=&#8221;.vc_custom_1508427790985{margin-top: -10px !important;}&#8221;]<\/p>\n<h3 style=\"text-align: left;\"><span style=\"color: #ffffff;\">WE CARE ABOUT YOUR PROJECT! ASK US FOR A FREE ESTIMATE AND WE WILL OFFER YOU A 5% REBATE ON YOUR PROJECT!<\/span><\/h3>\n<p>[\/vc_column_text][\/vc_column][vc_column width=&#8221;1\/3&#8243;][vc_column_text]<\/p>\n<div class=\"wpb_wrapper\" style=\"text-align: right;\"><a id=\"custom-id-0\" class=\"btn btn-md style-1\" href=\"http:\/\/www.excavasec.ca\/estimate-cracks-septic-pit-membrane.html?utm-source=cta\" target=\"_self\" rel=\"noopener noreferrer\">FREE ESTIMATE<\/a><\/div>\n<p>[\/vc_column_text][\/vc_column][\/vc_row][vc_row has_content=&#8221;inside&#8221;][vc_column][vc_column_text css=&#8221;.vc_custom_1510079797912{margin-top: -10px !important;}&#8221;]<\/p>\n<h1 style=\"text-align: left;\"><span style=\"color: #000000; font-size: 18px;\">THE <strong style=\"font-weight: 500;\">EXCAVATION<\/strong> EXPERT IN OUTAOUAIS<\/span><\/h1>\n<p>[\/vc_column_text][vc_empty_space height=&#8221;10px&#8221;][\/vc_column][\/vc_row][vc_row css=&#8221;.vc_custom_1497539773596{margin-top: 10px !important;}&#8221;][vc_column width=&#8221;1\/4&#8243;][vc_single_image image=&#8221;3734&#8243; img_size=&#8221;full&#8221; onclick=&#8221;custom_link&#8221; link=&#8221;\/en\/foundation-crack-repair\/&#8221;]<h2 class='style-3 mh40' ><span>CRACK AND FOUNDATION REPAIR<\/span><\/h2>[vc_empty_space height=&#8221;10px&#8221;][vc_column_text]Do you have a cracked foundation problem? Don\u2019t wait until the worst happens! We can help you prevent water damage. We specialize in filling cracks and &#8230;[\/vc_column_text][\/vc_column][vc_column width=&#8221;1\/4&#8243;][vc_single_image image=&#8221;3736&#8243; img_size=&#8221;full&#8221; onclick=&#8221;custom_link&#8221; link=&#8221;\/en\/septic-tank-installation\/&#8221;]<h2 class='style-3 mh40' ><span>SEPTIC TANK INSTALLATION<\/span><\/h2>[vc_empty_space height=&#8221;10px&#8221;][vc_column_text]We specialize in the installation of septic tanks and drainage fields. Our experts will advise you in how to manage such projects. Our company is accredited for &#8230;[\/vc_column_text][\/vc_column][vc_column width=&#8221;1\/4&#8243;][vc_single_image image=&#8221;3738&#8243; img_size=&#8221;full&#8221; onclick=&#8221;custom_link&#8221; link=&#8221;\/en\/excavation-gatineau\/&#8221;]<h2 class='style-3 ' ><span>EXCAVATION \u2013 CONSTRUCTION AND ADDITION<\/span><\/h2>[vc_empty_space height=&#8221;10px&#8221;][vc_column_text]We are excavation specialists. We have the expertise and the right equipment for large projects like building stonewalls or digging swimming pools&#8230;[\/vc_column_text][\/vc_column][vc_column width=&#8221;1\/4&#8243;][vc_single_image image=&#8221;1406&#8243; img_size=&#8221;full&#8221; onclick=&#8221;custom_link&#8221; link=&#8221;\/en\/drain-cleaner\/&#8221;]<h2 class='style-3 ' ><span>INSPECTION BY CAMERA AND DRAIN CLEANER<\/span><\/h2>[vc_empty_space height=&#8221;10px&#8221;][vc_column_text]The inspection by camera serves us to look for the cause of an infiltration of water or of an expulsion of sewers. It is also used as preventive check or during the inspection&#8230;[\/vc_column_text][\/vc_column][\/vc_row][vc_row full_width=&#8221;stretch_row&#8221; css=&#8221;.vc_custom_1436360998472{margin-top: 50px !important;padding-top: 30px !important;padding-bottom: 50px !important;background-color: #212121 !important;}&#8221; has_content=&#8221;false&#8221;][vc_column][vc_column_text css=&#8221;.vc_custom_1508339456693{margin-top: -10px !important;}&#8221;]<\/p>\n<h3 style=\"text-align: left;\"><span style=\"color: #ffffff;\">DISCOVER OUR RECENT WORK: BROWSE ALL PICTURES IN OUR PROJECT SECTION<\/span><\/h3>\n<p>[\/vc_column_text][vc_empty_space height=&#8221;30px&#8221;][vc_row_inner][vc_column_inner width=&#8221;1\/3&#8243;][vc_single_image image=&#8221;1408&#8243; img_size=&#8221;full&#8221; onclick=&#8221;custom_link&#8221; link=&#8221;\/en\/excavation-projects\/&#8221;][\/vc_column_inner][vc_column_inner width=&#8221;1\/3&#8243;][vc_single_image image=&#8221;1410&#8243; img_size=&#8221;full&#8221; onclick=&#8221;custom_link&#8221; link=&#8221;\/en\/excavation-projects\/&#8221;][\/vc_column_inner][vc_column_inner width=&#8221;1\/3&#8243;][vc_single_image image=&#8221;1412&#8243; img_size=&#8221;full&#8221; onclick=&#8221;custom_link&#8221; link=&#8221;\/en\/excavation-projects\/&#8221;][\/vc_column_inner][\/vc_row_inner][\/vc_column][\/vc_row][vc_row css=&#8221;.vc_custom_1436429329006{margin-top: 95px !important;margin-bottom: 75px !important;}&#8221;][vc_column width=&#8221;2\/3&#8243;][vc_tta_tabs active_section=&#8221;1&#8243; type=&#8221;vertical&#8221;][vc_tta_section title=&#8221;Overview&#8221; tab_id=&#8221;overview&#8221;]<h2 class='' ><span>A REPUTABLE COMPANY<\/span><\/h2>[vc_empty_space height=&#8221;20px&#8221;]<ul class='list '><li>Clean<\/li><li>Quality of our work<\/li><li>15-year transferable warranty<\/li><\/ul>[vc_empty_space height=&#8221;15px&#8221;][vc_column_text]We have been setting standards for 10 years now in the Gatineau and Outaouais area for all your needs regarding <a href=\"https:\/\/www.excavasec.ca\/en\/septic-tank-installation\/\">septic tanks<\/a>, septic field, <a href=\"https:\/\/www.excavasec.ca\/en\/foundation-crack-repair\/\">crack repair<\/a> and foundation waterproofing.<\/p>\n<p>Our company works fast, we are professionals and our work is neat. Get peace of mind by choosing a qualified and certified <a href=\"https:\/\/www.excavasec.ca\/en\/excavation-contractor\/\">general contractor<\/a> for all your renovation needs![\/vc_column_text][\/vc_tta_section][vc_tta_section title=&#8221;Services&#8221; tab_id=&#8221;services&#8221;]<h2 class='' ><span>A WIDE ARRAY OF SERVICES<\/span><\/h2>[vc_empty_space height=&#8221;20px&#8221;]<ul class='list '><li>Cracks and foundations<\/li><li>Septic Tank<\/li><li>Excavation<\/li><li>French Drain<\/li><\/ul>[vc_empty_space height=&#8221;15px&#8221;][vc_column_text]We offer a complete range of <a href=\"https:\/\/www.excavasec.ca\/en\/excavation-services\/\">services<\/a> tailored to your needs. Whether you need us to waterproof your foundation, patch a <a href=\"https:\/\/www.excavasec.ca\/en\/foundation-crack-repair\/\">crack in your foundation<\/a>, <a href=\"https:\/\/www.excavasec.ca\/excavation-gatineau\/\">excavate<\/a>, a technologist, an engineer, soil tests, septic installation plans, <a href=\"https:\/\/www.excavasec.ca\/en\/septic-tank-installation\/\">install a septic tank and drainage field<\/a> or even for construction and addition to your house, we\u2019ll be up to the task.[\/vc_column_text][\/vc_tta_section][vc_tta_section title=&#8221;Advantages&#8221; tab_id=&#8221;advantages&#8221;]<h2 class='' ><span>BENEFIT FROM MANY ADVANTAGES!<\/span><\/h2>[vc_empty_space height=&#8221;20px&#8221;][vc_column_text]What is the benefit of doing business with Excavasec? There are several, but one of the major advantages is that our customers are the only people who can benefit from the new TUFF-N-DRI membrane. In fact, we are the only company that offers this membrane in the Ottawa, Gatineau and Outaouais region, and we do so at a very affordable price.<\/p>\n<p>You\u2019re probably wondering what\u2019s so special about this membrane\u2026 Until now, a <a href=\"https:\/\/www.excavasec.ca\/en\/foundation-crack-repair\/\">cracked foundation<\/a> could only be repaired by heating and sticking a tar membrane to the wall or by using a self-adhesive tar membrane. These options are far from being eco-friendly and as such cannot compete with our water-based TUFF-N-DRI membrane, which is LEED certified and which meets the highest environmental standards! In addition, repairs made with tar membranes can contain several edges and seams, which create a small risk of water infiltration. With the TUFF-N-DRI membrane, this problem is no longer an issue.<\/p>\n<p>We are also excavation specialists and offer a complete range of <a href=\"https:\/\/www.excavasec.ca\/en\/excavation-services\/\">excavation services<\/a>. We have the expertise and the right equipment for large projects like building stonewalls or digging swimming pools.[\/vc_column_text][\/vc_tta_section][vc_tta_section title=&#8221;Areas&#8221; tab_id=&#8221;areas&#8221;]<h2 class='' ><span>THE SPECIALISTS IN YOUR AREA<\/span><\/h2>[vc_empty_space height=&#8221;20px&#8221;]<ul class='list '><li>Gatineau<\/li><li>Hull<\/li><li>Aylmer<\/li><li>Cantley<\/li><li>Val-des-monts<\/li><\/ul>[vc_empty_space height=&#8221;15px&#8221;][vc_column_text]Our services are available in Gatineau, Hull and Aylmer. We specialize in repairing foundation cracks and doing excavation work in the Outaouais and Ottawa region!<\/p>\n<p>If you were looking for a general contractor to facilitate your renovation and construction project, you\u2019ve just found him![\/vc_column_text][\/vc_tta_section][\/vc_tta_tabs][\/vc_column][vc_column width=&#8221;1\/3&#8243;][vc_single_image image=&#8221;904&#8243; img_size=&#8221;full&#8221;][vc_column_text]<\/p>\n<h4>FREE ESTIMATE<\/h4>\n<p>We care about you project! Ask us for a free estimate and we will offer you a 5% rebate on your project![\/vc_column_text][vc_empty_space height=&#8221;10px&#8221;]<a target=\"_self\" href=\"\/estimate-cracks-septic-pit-membrane.html\" class=\"btn btn-md style-1\" id=\"custom-id-0\" style=\"\">Free estimate<\/a>[\/vc_column][\/vc_row][vc_row full_width=&#8221;stretch_row_content_no_spaces&#8221; has_content=&#8221;false&#8221; el_class=&#8221;text-center&#8221; css=&#8221;.vc_custom_1436375844206{margin-top: 60px !important;}&#8221;][vc_column]<section id='constructionsite' class=\"statement parallax\" style=\"background-image: url('https:\/\/www.excavasec.ca\/wp-content\/uploads\/2014\/11\/statement-construction-site.jpg');\">[vc_column_text]<\/p>\n<h2 style=\"text-align: center;\"><span style=\"color: #ffffff;\">LOOKING FOR CLEAN AND QUALITY WORK? CONTACT EXCAVASEC<\/span><\/h2>\n<p>[\/vc_column_text]<a target=\"_self\" href=\"\/en\/contact-us\/\" class=\"btn btn-md style-1\" id=\"custom-id-1\" style=\"\">Contact us<\/a><\/section>[\/vc_column][\/vc_row]<\/p>\n","protected":false},"excerpt":{"rendered":"<p>[vc_row has_content=&#8221;true&#8221;][vc_column][rev_slider_vc alias=&#8221;slider-ang&#8221;][\/vc_column][\/vc_row][vc_row full_width=&#8221;stretch_row&#8221; css=&#8221;.vc_custom_1497542937173{margin-top: -35px !important;margin-bottom: 50px !important;padding-top: 35px !important;padding-bottom: 35px !important;background-image: url(http:\/\/www.excavasec.ca\/wp-content\/uploads\/2014\/11\/background-CTA-3.jpg?id=919) !important;background-position: center !important;background-repeat: no-repeat !important;background-size: cover !important;}&#8221; has_content=&#8221;inside&#8221;][vc_column width=&#8221;2\/3&#8243;][vc_column_text css=&#8221;.vc_custom_1508427790985{margin-top: -10px !important;}&#8221;] WE CARE ABOUT YOUR PROJECT! ASK US FOR A FREE ESTIMATE AND WE WILL&#8230;<\/p>\n","protected":false},"author":1,"featured_media":0,"parent":0,"menu_order":0,"comment_status":"open","ping_status":"open","template":"","meta":{"jetpack_post_was_ever_published":false},"yoast_head":"<!-- This site is optimized with the Yoast SEO plugin v19.9 - https:\/\/yoast.com\/wordpress\/plugins\/seo\/ -->\n<title>Excavation and fondation crack repairs in Gatineau | Excavasec<\/title>\n<meta name=\"description\" content=\"Excavasec have been setting standards for 10 years in the Gatineau area for all your needs regarding crack repair and excavation. Contact our experts.\" \/>\n<meta name=\"robots\" content=\"index, follow, max-snippet:-1, max-image-preview:large, max-video-preview:-1\" \/>\n<link rel=\"canonical\" href=\"https:\/\/www.excavasec.ca\/en\/\" \/>\n<meta property=\"og:locale\" content=\"en_US\" \/>\n<meta property=\"og:type\" content=\"article\" \/>\n<meta property=\"og:title\" content=\"Excavation et r\u00e9paration de fissures \u00e0 Gatineau | Excavasec\" \/>\n<meta property=\"og:description\" content=\"Excavasec est la r\u00e9f\u00e9rence \u00e0 Gatineau pour vos besoins en excavation et r\u00e9paration de fissures. Contactez nos experts pour la gestion de vos projets.\" \/>\n<meta property=\"og:url\" content=\"https:\/\/www.excavasec.ca\/en\/\" \/>\n<meta property=\"og:site_name\" content=\"Excavasec\" \/>\n<meta property=\"article:modified_time\" content=\"2020-04-14T11:46:28+00:00\" \/>\n<meta name=\"twitter:card\" content=\"summary_large_image\" \/>\n<meta name=\"twitter:label1\" content=\"Est. reading time\" \/>\n\t<meta name=\"twitter:data1\" content=\"6 minutes\" \/>\n<script type=\"application\/ld+json\" class=\"yoast-schema-graph\">{\"@context\":\"https:\/\/schema.org\",\"@graph\":[{\"@type\":\"WebPage\",\"@id\":\"https:\/\/www.excavasec.ca\/en\/\",\"url\":\"https:\/\/www.excavasec.ca\/en\/\",\"name\":\"Excavation and fondation crack repairs in Gatineau | Excavasec\",\"isPartOf\":{\"@id\":\"https:\/\/www.excavasec.ca\/#website\"},\"datePublished\":\"2014-11-11T11:09:47+00:00\",\"dateModified\":\"2020-04-14T11:46:28+00:00\",\"description\":\"Excavasec have been setting standards for 10 years in the Gatineau area for all your needs regarding crack repair and excavation. Contact our experts.\",\"breadcrumb\":{\"@id\":\"https:\/\/www.excavasec.ca\/en\/#breadcrumb\"},\"inLanguage\":\"en-US\",\"potentialAction\":[{\"@type\":\"ReadAction\",\"target\":[\"https:\/\/www.excavasec.ca\/en\/\"]}]},{\"@type\":\"BreadcrumbList\",\"@id\":\"https:\/\/www.excavasec.ca\/en\/#breadcrumb\",\"itemListElement\":[{\"@type\":\"ListItem\",\"position\":1,\"name\":\"Accueil\",\"item\":\"https:\/\/www.excavasec.ca\/en\/\"},{\"@type\":\"ListItem\",\"position\":2,\"name\":\"Home\"}]},{\"@type\":\"WebSite\",\"@id\":\"https:\/\/www.excavasec.ca\/#website\",\"url\":\"https:\/\/www.excavasec.ca\/\",\"name\":\"Excavasec\",\"description\":\"Fissure - Septique - Membrane\",\"potentialAction\":[{\"@type\":\"SearchAction\",\"target\":{\"@type\":\"EntryPoint\",\"urlTemplate\":\"https:\/\/www.excavasec.ca\/?s={search_term_string}\"},\"query-input\":\"required name=search_term_string\"}],\"inLanguage\":\"en-US\"}]}<\/script>\n<!-- \/ Yoast SEO plugin. -->","yoast_head_json":{"title":"Excavation and fondation crack repairs in Gatineau | Excavasec","description":"Excavasec have been setting standards for 10 years in the Gatineau area for all your needs regarding crack repair and excavation. Contact our experts.","robots":{"index":"index","follow":"follow","max-snippet":"max-snippet:-1","max-image-preview":"max-image-preview:large","max-video-preview":"max-video-preview:-1"},"canonical":"https:\/\/www.excavasec.ca\/en\/","og_locale":"en_US","og_type":"article","og_title":"Excavation et r\u00e9paration de fissures \u00e0 Gatineau | Excavasec","og_description":"Excavasec est la r\u00e9f\u00e9rence \u00e0 Gatineau pour vos besoins en excavation et r\u00e9paration de fissures. Contactez nos experts pour la gestion de vos projets.","og_url":"https:\/\/www.excavasec.ca\/en\/","og_site_name":"Excavasec","article_modified_time":"2020-04-14T11:46:28+00:00","twitter_card":"summary_large_image","twitter_misc":{"Est. reading time":"6 minutes"},"schema":{"@context":"https:\/\/schema.org","@graph":[{"@type":"WebPage","@id":"https:\/\/www.excavasec.ca\/en\/","url":"https:\/\/www.excavasec.ca\/en\/","name":"Excavation and fondation crack repairs in Gatineau | Excavasec","isPartOf":{"@id":"https:\/\/www.excavasec.ca\/#website"},"datePublished":"2014-11-11T11:09:47+00:00","dateModified":"2020-04-14T11:46:28+00:00","description":"Excavasec have been setting standards for 10 years in the Gatineau area for all your needs regarding crack repair and excavation. Contact our experts.","breadcrumb":{"@id":"https:\/\/www.excavasec.ca\/en\/#breadcrumb"},"inLanguage":"en-US","potentialAction":[{"@type":"ReadAction","target":["https:\/\/www.excavasec.ca\/en\/"]}]},{"@type":"BreadcrumbList","@id":"https:\/\/www.excavasec.ca\/en\/#breadcrumb","itemListElement":[{"@type":"ListItem","position":1,"name":"Accueil","item":"https:\/\/www.excavasec.ca\/en\/"},{"@type":"ListItem","position":2,"name":"Home"}]},{"@type":"WebSite","@id":"https:\/\/www.excavasec.ca\/#website","url":"https:\/\/www.excavasec.ca\/","name":"Excavasec","description":"Fissure - Septique - Membrane","potentialAction":[{"@type":"SearchAction","target":{"@type":"EntryPoint","urlTemplate":"https:\/\/www.excavasec.ca\/?s={search_term_string}"},"query-input":"required name=search_term_string"}],"inLanguage":"en-US"}]}},"jetpack_shortlink":"https:\/\/wp.me\/P9h0mH-g5","_links":{"self":[{"href":"https:\/\/www.excavasec.ca\/en\/wp-json\/wp\/v2\/pages\/997"}],"collection":[{"href":"https:\/\/www.excavasec.ca\/en\/wp-json\/wp\/v2\/pages"}],"about":[{"href":"https:\/\/www.excavasec.ca\/en\/wp-json\/wp\/v2\/types\/page"}],"author":[{"embeddable":true,"href":"https:\/\/www.excavasec.ca\/en\/wp-json\/wp\/v2\/users\/1"}],"replies":[{"embeddable":true,"href":"https:\/\/www.excavasec.ca\/en\/wp-json\/wp\/v2\/comments?post=997"}],"version-history":[{"count":0,"href":"https:\/\/www.excavasec.ca\/en\/wp-json\/wp\/v2\/pages\/997\/revisions"}],"wp:attachment":[{"href":"https:\/\/www.excavasec.ca\/en\/wp-json\/wp\/v2\/media?parent=997"}],"curies":[{"name":"wp","href":"https:\/\/api.w.org\/{rel}","templated":true}]}}